{"id":227,"date":"2024-07-26T14:40:34","date_gmt":"2024-07-26T12:40:34","guid":{"rendered":"https:\/\/www.planetwow.de\/?page_id=227"},"modified":"2026-01-16T13:33:38","modified_gmt":"2026-01-16T12:33:38","slug":"magazine","status":"publish","type":"page","link":"https:\/\/www.planetwow.de\/en\/magazine\/","title":{"rendered":"Magazine"},"content":{"rendered":"<div data-elementor-type=\"wp-post\" data-elementor-id=\"227\" class=\"elementor elementor-227\">\n\t\t\t\t<div class=\"elementor-element elementor-element-277162c e-flex e-con-boxed e-con e-parent\" data-id=\"277162c\" data-element_type=\"container\">\n\t\t\t\t\t<div class=\"e-con-inner\">\n\t\t\t\t<div class=\"elementor-element elementor-element-1b3ccf4 elementor-widget elementor-widget-heading\" data-id=\"1b3ccf4\" data-element_type=\"widget\" data-widget_type=\"heading.default\">\n\t\t\t\t<div class=\"elementor-widget-container\">\n\t\t\t\t\t<h1 class=\"elementor-heading-title elementor-size-default\">PLANET WOW MAGAZINE<\/h1>\t\t\t\t<\/div>\n\t\t\t\t<\/div>\n\t\t\t\t\t<\/div>\n\t\t\t\t<\/div>\n\t\t<div class=\"elementor-element elementor-element-75c59bc e-flex e-con-boxed e-con e-parent\" data-id=\"75c59bc\" data-element_type=\"container\">\n\t\t\t\t\t<div class=\"e-con-inner\">\n\t\t\t\t<div class=\"elementor-element elementor-element-4efe32f elementor-widget elementor-widget-text-editor\" data-id=\"4efe32f\" data-element_type=\"widget\" data-widget_type=\"text-editor.default\">\n\t\t\t\t<div class=\"elementor-widget-container\">\n\t\t\t\t\t\t\t\t\t<p><strong>You can find out exciting facts about the animals in the PLANET WOW collector's series in every PLANET WOW magazine. You'll learn all about their fascinating characteristics, travel around the world with them and meet other extraordinary creatures. There are also lots of puzzles and a large portion of fun for you. Each issue contains an exciting extra from the PLANET WOW collector's series to match the respective theme.<\/strong><\/p>\t\t\t\t\t\t\t\t<\/div>\n\t\t\t\t<\/div>\n\t\t\t\t<div class=\"elementor-element elementor-element-219f823 elementor-widget elementor-widget-heading\" data-id=\"219f823\" data-element_type=\"widget\" data-widget_type=\"heading.default\">\n\t\t\t\t<div class=\"elementor-widget-container\">\n\t\t\t\t\t<h2 class=\"elementor-heading-title elementor-size-default\">DISCOVER THE MAGAZINE<\/h2>\t\t\t\t<\/div>\n\t\t\t\t<\/div>\n\t\t\t\t<div class=\"elementor-element elementor-element-07eba05 elementor-widget elementor-widget-text-editor\" data-id=\"07eba05\" data-element_type=\"widget\" data-widget_type=\"text-editor.default\">\n\t\t\t\t<div class=\"elementor-widget-container\">\n\t\t\t\t\t\t\t\t\t<p>\u27a4 Suitable for the\u00a0<span style=\"font-weight: var( --e-global-typography-text-font-weight );\">successful<\/span><span style=\"font-weight: var( --e-global-typography-text-font-weight );\">\u00a0animal collection series, readers learn all about a group of animals.<\/span><\/p><p>\u27a4 There are also many exciting <strong>Facts<\/strong> about other animals and their habitats.<\/p><p>\u27a4 In addition to great <b>Posters\u00a0<\/b>each magazine comes with a <strong>Collectible figure<\/strong>which shows the respective animal group in all its fascinating diversity.<\/p><p>\u27a4 Inquisitive collectors always get to know\u00a0<strong>20 coolest animals of an animal group<\/strong> .<\/p><p>\u27a4 The rubber animals look just like their real-life counterparts and some behave just like the real thing thanks to their <strong>Special effects<\/strong> like this too!<\/p><p>\u27a4 Each figure contains a <strong>individual knowledge poster<\/strong> with exciting facts about the animal.\u00a0<\/p>\t\t\t\t\t\t\t\t<\/div>\n\t\t\t\t<\/div>\n\t\t\t\t\t<\/div>\n\t\t\t\t<\/div>\n\t\t<div class=\"elementor-element elementor-element-c1a6978 e-flex e-con-boxed e-con e-parent\" data-id=\"c1a6978\" data-element_type=\"container\">\n\t\t\t\t\t<div class=\"e-con-inner\">\n\t\t\t\t<div class=\"elementor-element elementor-element-040ec87 elementor-widget elementor-widget-heading\" data-id=\"040ec87\" data-element_type=\"widget\" data-widget_type=\"heading.default\">\n\t\t\t\t<div class=\"elementor-widget-container\">\n\t\t\t\t\t<h2 class=\"elementor-heading-title elementor-size-default\">HAVE FUN READING AND DISCOVERING!<\/h2>\t\t\t\t<\/div>\n\t\t\t\t<\/div>\n\t\t\t\t<div class=\"elementor-element elementor-element-5f20c96 elementor-widget__width-initial elementor-arrows-position-inside elementor-pagination-position-outside elementor-widget elementor-widget-image-carousel\" data-id=\"5f20c96\" data-element_type=\"widget\" data-settings=\"{&quot;slides_to_show&quot;:&quot;1&quot;,&quot;navigation&quot;:&quot;both&quot;,&quot;autoplay&quot;:&quot;yes&quot;,&quot;pause_on_hover&quot;:&quot;yes&quot;,&quot;pause_on_interaction&quot;:&quot;yes&quot;,&quot;autoplay_speed&quot;:5000,&quot;infinite&quot;:&quot;yes&quot;,&quot;effect&quot;:&quot;slide&quot;,&quot;speed&quot;:500}\" data-widget_type=\"image-carousel.default\">\n\t\t\t\t<div class=\"elementor-widget-container\">\n\t\t\t\t\t\t\t<div class=\"elementor-image-carousel-wrapper swiper\" role=\"region\" aria-roledescription=\"carousel\" aria-label=\"Picture carousel\" dir=\"ltr\">\n\t\t\t<div class=\"elementor-image-carousel swiper-wrapper\" aria-live=\"off\">\n\t\t\t\t\t\t\t\t<div class=\"swiper-slide\" role=\"group\" aria-roledescription=\"slide\" aria-label=\"1 of 3\" data-no-translation-aria-label=\"\"><figure class=\"swiper-slide-inner\"><img decoding=\"async\" class=\"swiper-slide-image\" src=\"https:\/\/www.planetwow.de\/wp-content\/uploads\/2026\/01\/Bild50-768x603.png\" alt=\"Picture50\" \/><\/figure><\/div><div class=\"swiper-slide\" role=\"group\" aria-roledescription=\"slide\" aria-label=\"2 of 3\" data-no-translation-aria-label=\"\"><figure class=\"swiper-slide-inner\"><img decoding=\"async\" class=\"swiper-slide-image\" src=\"https:\/\/www.planetwow.de\/wp-content\/uploads\/2026\/01\/Bild49-768x599.png\" alt=\"Picture49\" \/><\/figure><\/div><div class=\"swiper-slide\" role=\"group\" aria-roledescription=\"slide\" aria-label=\"3 of 3\" data-no-translation-aria-label=\"\"><figure class=\"swiper-slide-inner\"><img decoding=\"async\" class=\"swiper-slide-image\" src=\"https:\/\/www.planetwow.de\/wp-content\/uploads\/2026\/01\/Bild48-768x606.png\" alt=\"Picture48\" \/><\/figure><\/div>\t\t\t<\/div>\n\t\t\t\t\t\t\t\t\t\t\t\t<div class=\"elementor-swiper-button elementor-swiper-button-prev\" role=\"button\" tabindex=\"0\">\n\t\t\t\t\t\t<svg aria-hidden=\"true\" class=\"e-font-icon-svg e-eicon-chevron-left\" viewbox=\"0 0 1000 1000\" xmlns=\"http:\/\/www.w3.org\/2000\/svg\"><path d=\"M646 125C629 125 613 133 604 142L308 442C296 454 292 471 292 487 292 504 296 521 308 533L604 854C617 867 629 875 646 875 663 875 679 871 692 858 704 846 713 829 713 812 713 796 708 779 692 767L438 487 692 225C700 217 708 204 708 187 708 171 704 154 692 142 675 129 663 125 646 125Z\"><\/path><\/svg>\t\t\t\t\t<\/div>\n\t\t\t\t\t<div class=\"elementor-swiper-button elementor-swiper-button-next\" role=\"button\" tabindex=\"0\">\n\t\t\t\t\t\t<svg aria-hidden=\"true\" class=\"e-font-icon-svg e-eicon-chevron-right\" viewbox=\"0 0 1000 1000\" xmlns=\"http:\/\/www.w3.org\/2000\/svg\"><path d=\"M696 533C708 521 713 504 713 487 713 471 708 454 696 446L400 146C388 133 375 125 354 125 338 125 325 129 313 142 300 154 292 171 292 187 292 204 296 221 308 233L563 492 304 771C292 783 288 800 288 817 288 833 296 850 308 863 321 871 338 875 354 875 371 875 388 867 400 854L696 533Z\"><\/path><\/svg>\t\t\t\t\t<\/div>\n\t\t\t\t\n\t\t\t\t\t\t\t\t\t<div class=\"swiper-pagination\"><\/div>\n\t\t\t\t\t\t\t\t\t<\/div>\n\t\t\t\t\t\t<\/div>\n\t\t\t\t<\/div>\n\t\t\t\t<div class=\"elementor-element elementor-element-576615a elementor-widget elementor-widget-image\" data-id=\"576615a\" data-element_type=\"widget\" data-widget_type=\"image.default\">\n\t\t\t\t<div class=\"elementor-widget-container\">\n\t\t\t\t\t\t\t\t\t\t\t\t\t\t\t<img decoding=\"async\" src=\"https:\/\/www.planetwow.de\/wp-content\/uploads\/2025\/03\/Bild2.png\" title=\"\" alt=\"\" loading=\"lazy\" \/>\t\t\t\t\t\t\t\t\t\t\t\t\t\t\t<\/div>\n\t\t\t\t<\/div>\n\t\t\t\t\t<\/div>\n\t\t\t\t<\/div>\n\t\t<div class=\"elementor-element elementor-element-3cdc80c e-flex e-con-boxed e-con e-parent\" data-id=\"3cdc80c\" data-element_type=\"container\">\n\t\t\t\t\t<div class=\"e-con-inner\">\n\t\t\t\t\t<\/div>\n\t\t\t\t<\/div>\n\t\t<div class=\"elementor-element elementor-element-3d8ee3d e-flex e-con-boxed e-con e-parent\" data-id=\"3d8ee3d\" data-element_type=\"container\">\n\t\t\t\t\t<div class=\"e-con-inner\">\n\t\t\t\t<div class=\"elementor-element elementor-element-98d188c elementor-widget elementor-widget-heading\" data-id=\"98d188c\" data-element_type=\"widget\" data-widget_type=\"heading.default\">\n\t\t\t\t<div class=\"elementor-widget-container\">\n\t\t\t\t\t<h2 class=\"elementor-heading-title elementor-size-default\">The exciting world of animals!<\/h2>\t\t\t\t<\/div>\n\t\t\t\t<\/div>\n\t\t\t\t<div class=\"elementor-element elementor-element-2a63f69 elementor-widget elementor-widget-video\" data-id=\"2a63f69\" data-element_type=\"widget\" data-settings=\"{&quot;video_type&quot;:&quot;hosted&quot;,&quot;controls&quot;:&quot;yes&quot;}\" data-widget_type=\"video.default\">\n\t\t\t\t<div class=\"elementor-widget-container\">\n\t\t\t\t\t\t\t<div class=\"e-hosted-video elementor-wrapper elementor-open-inline\">\n\t\t\t\t\t<video class=\"elementor-video\" src=\"https:\/\/www.planetwow.de\/wp-content\/uploads\/2026\/01\/PLANET-WOW-SHARKS.mp4\" controls=\"\" preload=\"metadata\" controlslist=\"nodownload\"><\/video>\n\t\t\t\t<\/div>\n\t\t\t\t\t\t<\/div>\n\t\t\t\t<\/div>\n\t\t\t\t\t<\/div>\n\t\t\t\t<\/div>\n\t\t<div class=\"elementor-element elementor-element-511a2d6 e-flex e-con-boxed e-con e-parent\" data-id=\"511a2d6\" data-element_type=\"container\">\n\t\t\t\t\t<div class=\"e-con-inner\">\n\t\t\t\t\t<\/div>\n\t\t\t\t<\/div>\n\t\t<div class=\"elementor-element elementor-element-658d906 e-flex e-con-boxed e-con e-parent\" data-id=\"658d906\" data-element_type=\"container\">\n\t\t\t\t\t<div class=\"e-con-inner\">\n\t\t<div class=\"elementor-element elementor-element-b972be4 e-con-full e-flex e-con e-child\" data-id=\"b972be4\" data-element_type=\"container\">\n\t\t\t\t<div class=\"elementor-element elementor-element-ab44986 elementor-widget elementor-widget-heading\" data-id=\"ab44986\" data-element_type=\"widget\" data-widget_type=\"heading.default\">\n\t\t\t\t<div class=\"elementor-widget-container\">\n\t\t\t\t\t<h3 class=\"elementor-heading-title elementor-size-default\">Available in stores and in the reorder store!<\/h3>\t\t\t\t<\/div>\n\t\t\t\t<\/div>\n\t\t\t\t<div class=\"elementor-element elementor-element-f179784 elementor-widget elementor-widget-image\" data-id=\"f179784\" data-element_type=\"widget\" data-widget_type=\"image.default\">\n\t\t\t\t<div class=\"elementor-widget-container\">\n\t\t\t\t\t\t\t\t\t\t\t\t\t\t\t<img fetchpriority=\"high\" decoding=\"async\" width=\"1024\" height=\"939\" src=\"https:\/\/www.planetwow.de\/wp-content\/uploads\/2026\/01\/Bild51-1024x939.png\" class=\"attachment-large size-large wp-image-1578\" alt=\"\" srcset=\"https:\/\/www.planetwow.de\/wp-content\/uploads\/2026\/01\/Bild51-1024x939.png 1024w, https:\/\/www.planetwow.de\/wp-content\/uploads\/2026\/01\/Bild51-300x275.png 300w, https:\/\/www.planetwow.de\/wp-content\/uploads\/2026\/01\/Bild51-768x704.png 768w, https:\/\/www.planetwow.de\/wp-content\/uploads\/2026\/01\/Bild51-1536x1408.png 1536w, https:\/\/www.planetwow.de\/wp-content\/uploads\/2026\/01\/Bild51-2048x1877.png 2048w, https:\/\/www.planetwow.de\/wp-content\/uploads\/2026\/01\/Bild51-13x12.png 13w\" sizes=\"(max-width: 1024px) 100vw, 1024px\" \/>\t\t\t\t\t\t\t\t\t\t\t\t\t\t\t<\/div>\n\t\t\t\t<\/div>\n\t\t\t\t<div class=\"elementor-element elementor-element-68c2e04 elementor-widget elementor-widget-image\" data-id=\"68c2e04\" data-element_type=\"widget\" data-widget_type=\"image.default\">\n\t\t\t\t<div class=\"elementor-widget-container\">\n\t\t\t\t\t\t\t\t\t\t\t\t\t\t\t<img decoding=\"async\" src=\"https:\/\/www.planetwow.de\/wp-content\/uploads\/2025\/03\/Bild1.png\" title=\"\" alt=\"\" loading=\"lazy\" \/>\t\t\t\t\t\t\t\t\t\t\t\t\t\t\t<\/div>\n\t\t\t\t<\/div>\n\t\t\t\t<\/div>\n\t\t<div class=\"elementor-element elementor-element-c5a914d e-con-full e-flex e-con e-child\" data-id=\"c5a914d\" data-element_type=\"container\">\n\t\t\t\t<div class=\"elementor-element elementor-element-fbc8631 elementor-view-default elementor-position-top elementor-mobile-position-top elementor-widget elementor-widget-icon-box\" data-id=\"fbc8631\" data-element_type=\"widget\" data-widget_type=\"icon-box.default\">\n\t\t\t\t<div class=\"elementor-widget-container\">\n\t\t\t\t\t\t\t<div class=\"elementor-icon-box-wrapper\">\n\n\t\t\t\t\t\t<div class=\"elementor-icon-box-icon\">\n\t\t\t\t<a href=\"https:\/\/www.mykiosk.com\/\" target=\"_blank\" class=\"elementor-icon elementor-animation-\" tabindex=\"-1\">\n\t\t\t\t<svg aria-hidden=\"true\" class=\"e-font-icon-svg e-fas-map-marked\" viewbox=\"0 0 576 512\" xmlns=\"http:\/\/www.w3.org\/2000\/svg\"><path d=\"M288 0c-69.59 0-126 56.41-126 126 0 56.26 82.35 158.8 113.9 196.02 6.39 7.54 17.82 7.54 24.2 0C331.65 284.8 414 182.26 414 126 414 56.41 357.59 0 288 0zM20.12 215.95A32.006 32.006 0 0 0 0 245.66v250.32c0 11.32 11.43 19.06 21.94 14.86L160 448V214.92c-8.84-15.98-16.07-31.54-21.25-46.42L20.12 215.95zM288 359.67c-14.07 0-27.38-6.18-36.51-16.96-19.66-23.2-40.57-49.62-59.49-76.72v182l192 64V266c-18.92 27.09-39.82 53.52-59.49 76.72-9.13 10.77-22.44 16.95-36.51 16.95zm266.06-198.51L416 224v288l139.88-55.95A31.996 31.996 0 0 0 576 426.34V176.02c0-11.32-11.43-19.06-21.94-14.86z\"><\/path><\/svg>\t\t\t\t<\/a>\n\t\t\t<\/div>\n\t\t\t\n\t\t\t\t\t\t<div class=\"elementor-icon-box-content\">\n\n\t\t\t\t\t\t\t\t\t<h3 class=\"elementor-icon-box-title\">\n\t\t\t\t\t\t<a href=\"https:\/\/www.mykiosk.com\/\" target=\"_blank\" >\n\t\t\t\t\t\t\tFind a dealer\t\t\t\t\t\t<\/a>\n\t\t\t\t\t<\/h3>\n\t\t\t\t\n\t\t\t\t\n\t\t\t<\/div>\n\t\t\t\n\t\t<\/div>\n\t\t\t\t\t\t<\/div>\n\t\t\t\t<\/div>\n\t\t\t\t<\/div>\n\t\t<div class=\"elementor-element elementor-element-d766f2e e-con-full e-flex e-con e-child\" data-id=\"d766f2e\" data-element_type=\"container\">\n\t\t\t\t<div class=\"elementor-element elementor-element-d5ef50f elementor-view-default elementor-position-top elementor-mobile-position-top elementor-widget elementor-widget-icon-box\" data-id=\"d5ef50f\" data-element_type=\"widget\" data-widget_type=\"icon-box.default\">\n\t\t\t\t<div class=\"elementor-widget-container\">\n\t\t\t\t\t\t\t<div class=\"elementor-icon-box-wrapper\">\n\n\t\t\t\t\t\t<div class=\"elementor-icon-box-icon\">\n\t\t\t\t<a href=\"https:\/\/www.blue-ocean-shop.de\/de\/planet-wow\/\" target=\"_blank\" class=\"elementor-icon elementor-animation-\" tabindex=\"-1\">\n\t\t\t\t<svg aria-hidden=\"true\" class=\"e-font-icon-svg e-fas-shopping-basket\" viewbox=\"0 0 576 512\" xmlns=\"http:\/\/www.w3.org\/2000\/svg\"><path d=\"M576 216v16c0 13.255-10.745 24-24 24h-8l-26.113 182.788C514.509 462.435 494.257 480 470.37 480H105.63c-23.887 0-44.139-17.565-47.518-41.212L32 256h-8c-13.255 0-24-10.745-24-24v-16c0-13.255 10.745-24 24-24h67.341l106.78-146.821c10.395-14.292 30.407-17.453 44.701-7.058 14.293 10.395 17.453 30.408 7.058 44.701L170.477 192h235.046L326.12 82.821c-10.395-14.292-7.234-34.306 7.059-44.701 14.291-10.395 34.306-7.235 44.701 7.058L484.659 192H552c13.255 0 24 10.745 24 24zM312 392V280c0-13.255-10.745-24-24-24s-24 10.745-24 24v112c0 13.255 10.745 24 24 24s24-10.745 24-24zm112 0V280c0-13.255-10.745-24-24-24s-24 10.745-24 24v112c0 13.255 10.745 24 24 24s24-10.745 24-24zm-224 0V280c0-13.255-10.745-24-24-24s-24 10.745-24 24v112c0 13.255 10.745 24 24 24s24-10.745 24-24z\"><\/path><\/svg>\t\t\t\t<\/a>\n\t\t\t<\/div>\n\t\t\t\n\t\t\t\t\t\t<div class=\"elementor-icon-box-content\">\n\n\t\t\t\t\t\t\t\t\t<h3 class=\"elementor-icon-box-title\">\n\t\t\t\t\t\t<a href=\"https:\/\/www.blue-ocean-shop.de\/de\/planet-wow\/\" target=\"_blank\" >\n\t\t\t\t\t\t\tto the store\t\t\t\t\t\t<\/a>\n\t\t\t\t\t<\/h3>\n\t\t\t\t\n\t\t\t\t\n\t\t\t<\/div>\n\t\t\t\n\t\t<\/div>\n\t\t\t\t\t\t<\/div>\n\t\t\t\t<\/div>\n\t\t\t\t<\/div>\n\t\t\t\t\t<\/div>\n\t\t\t\t<\/div>\n\t\t<div class=\"elementor-element elementor-element-7d82f93 e-flex e-con-boxed e-con e-parent\" data-id=\"7d82f93\" data-element_type=\"container\">\n\t\t\t\t\t<div class=\"e-con-inner\">\n\t\t\t\t<div class=\"elementor-element elementor-element-79ffcee elementor-widget elementor-widget-text-editor\" data-id=\"79ffcee\" data-element_type=\"widget\" data-widget_type=\"text-editor.default\">\n\t\t\t\t<div class=\"elementor-widget-container\">\n\t\t\t\t\t\t\t\t\t<p><strong>If you have any questions or other concerns, please contact the reader service:<br \/><\/strong><a href=\"http:\/\/www.blue-ocean.de\/leserservice\" target=\"_blank\" rel=\"noopener\">www.blue-ocean.de\/leserservice<\/a><\/p><p><span style=\"font-size: 11.0pt; line-height: 115%; font-family: 'Calibri',sans-serif; mso-ascii-theme-font: minor-latin; mso-fareast-font-family: Calibri; mso-fareast-theme-font: minor-latin; mso-hansi-theme-font: minor-latin; mso-bidi-font-family: 'Times New Roman'; mso-bidi-theme-font: minor-bidi; mso-ansi-language: DE; mso-fareast-language: EN-US; mso-bidi-language: AR-SA;\">The Blue Ocean team wishes you lots of fun!<\/span><\/p>\t\t\t\t\t\t\t\t<\/div>\n\t\t\t\t<\/div>\n\t\t\t\t\t<\/div>\n\t\t\t\t<\/div>\n\t\t\t\t<\/div>","protected":false},"excerpt":{"rendered":"<p>PLANET WOW MAGAZIN Spannende Fakten \u00fcber die Tiere der PLANET WOW-Sammelserien erf\u00e4hrst du in jedem PLANET WOW-Magazin. Du lernst alles \u00fcber ihre faszinierenden Eigenschaften, reist mit ihnen um die Welt und begegnest anderen au\u00dfergew\u00f6hnlichen Lebewesen. Au\u00dferdem gibt\u2019s noch jede Menge R\u00e4tsel und eine gro\u00dfe Portion Spa\u00df f\u00fcr dich. Passend zum jeweiligen Thema enth\u00e4lt jede Ausgabe [&hellip;]<\/p>\n","protected":false},"author":2,"featured_media":761,"parent":0,"menu_order":0,"comment_status":"closed","ping_status":"closed","template":"elementor_header_footer","meta":{"footnotes":""},"class_list":["post-227","page","type-page","status-publish","has-post-thumbnail","hentry"],"yoast_head":"<!-- This site is optimized with the Yoast SEO plugin v24.5 - https:\/\/yoast.com\/wordpress\/plugins\/seo\/ -->\n<title>Magazin - PLANET WOW<\/title>\n<meta name=\"description\" content=\"Im PLANET WOW Magazin erf\u00e4hrst du spannende Fakten \u00fcber die Tiere der Sammelserien. Au\u00dferdem mit cooler Sammelfigur und Poster!\" \/>\n<meta name=\"robots\" content=\"index, follow, max-snippet:-1, max-image-preview:large, max-video-preview:-1\" \/>\n<link rel=\"canonical\" href=\"https:\/\/www.planetwow.de\/en\/magazine\/\" \/>\n<meta property=\"og:locale\" content=\"en_US\" \/>\n<meta property=\"og:type\" content=\"article\" \/>\n<meta property=\"og:title\" content=\"Magazin - PLANET WOW\" \/>\n<meta property=\"og:description\" content=\"Im PLANET WOW Magazin erf\u00e4hrst du spannende Fakten \u00fcber die Tiere der Sammelserien. Au\u00dferdem mit cooler Sammelfigur und Poster!\" \/>\n<meta property=\"og:url\" content=\"https:\/\/www.planetwow.de\/en\/magazine\/\" \/>\n<meta property=\"og:site_name\" content=\"PLANET WOW\" \/>\n<meta property=\"article:modified_time\" content=\"2026-01-16T12:33:38+00:00\" \/>\n<meta property=\"og:image\" content=\"https:\/\/www.planetwow.de\/wp-content\/uploads\/2025\/01\/PWOW_Crocodiles-Magazin_CoverBag.jpg\" \/>\n\t<meta property=\"og:image:width\" content=\"1001\" \/>\n\t<meta property=\"og:image:height\" content=\"947\" \/>\n\t<meta property=\"og:image:type\" content=\"image\/jpeg\" \/>\n<meta name=\"twitter:card\" content=\"summary_large_image\" \/>\n<meta name=\"twitter:label1\" content=\"Est. reading time\" \/>\n\t<meta name=\"twitter:data1\" content=\"3 minutes\" \/>\n<script type=\"application\/ld+json\" class=\"yoast-schema-graph\">{\"@context\":\"https:\/\/schema.org\",\"@graph\":[{\"@type\":\"WebPage\",\"@id\":\"https:\/\/www.planetwow.de\/magazin\/\",\"url\":\"https:\/\/www.planetwow.de\/magazin\/\",\"name\":\"Magazin - PLANET WOW\",\"isPartOf\":{\"@id\":\"https:\/\/www.planetwow.de\/#website\"},\"primaryImageOfPage\":{\"@id\":\"https:\/\/www.planetwow.de\/magazin\/#primaryimage\"},\"image\":{\"@id\":\"https:\/\/www.planetwow.de\/magazin\/#primaryimage\"},\"thumbnailUrl\":\"https:\/\/www.planetwow.de\/wp-content\/uploads\/2025\/01\/PWOW_Crocodiles-Magazin_CoverBag.jpg\",\"datePublished\":\"2024-07-26T12:40:34+00:00\",\"dateModified\":\"2026-01-16T12:33:38+00:00\",\"description\":\"Im PLANET WOW Magazin erf\u00e4hrst du spannende Fakten \u00fcber die Tiere der Sammelserien. Au\u00dferdem mit cooler Sammelfigur und Poster!\",\"breadcrumb\":{\"@id\":\"https:\/\/www.planetwow.de\/magazin\/#breadcrumb\"},\"inLanguage\":\"en-US\",\"potentialAction\":[{\"@type\":\"ReadAction\",\"target\":[\"https:\/\/www.planetwow.de\/magazin\/\"]}]},{\"@type\":\"ImageObject\",\"inLanguage\":\"en-US\",\"@id\":\"https:\/\/www.planetwow.de\/magazin\/#primaryimage\",\"url\":\"https:\/\/www.planetwow.de\/wp-content\/uploads\/2025\/01\/PWOW_Crocodiles-Magazin_CoverBag.jpg\",\"contentUrl\":\"https:\/\/www.planetwow.de\/wp-content\/uploads\/2025\/01\/PWOW_Crocodiles-Magazin_CoverBag.jpg\",\"width\":1001,\"height\":947},{\"@type\":\"BreadcrumbList\",\"@id\":\"https:\/\/www.planetwow.de\/magazin\/#breadcrumb\",\"itemListElement\":[{\"@type\":\"ListItem\",\"position\":1,\"name\":\"Startseite\",\"item\":\"https:\/\/www.planetwow.de\/\"},{\"@type\":\"ListItem\",\"position\":2,\"name\":\"Magazin\"}]},{\"@type\":\"WebSite\",\"@id\":\"https:\/\/www.planetwow.de\/#website\",\"url\":\"https:\/\/www.planetwow.de\/\",\"name\":\"PLANET WOW\",\"description\":\"\",\"publisher\":{\"@id\":\"https:\/\/www.planetwow.de\/#organization\"},\"potentialAction\":[{\"@type\":\"SearchAction\",\"target\":{\"@type\":\"EntryPoint\",\"urlTemplate\":\"https:\/\/www.planetwow.de\/?s={search_term_string}\"},\"query-input\":{\"@type\":\"PropertyValueSpecification\",\"valueRequired\":true,\"valueName\":\"search_term_string\"}}],\"inLanguage\":\"en-US\"},{\"@type\":\"Organization\",\"@id\":\"https:\/\/www.planetwow.de\/#organization\",\"name\":\"PLANET WOW\",\"url\":\"https:\/\/www.planetwow.de\/\",\"logo\":{\"@type\":\"ImageObject\",\"inLanguage\":\"en-US\",\"@id\":\"https:\/\/www.planetwow.de\/#\/schema\/logo\/image\/\",\"url\":\"https:\/\/www.planetwow.de\/wp-content\/uploads\/2024\/07\/P-WOW-Logo_500px_white.png\",\"contentUrl\":\"https:\/\/www.planetwow.de\/wp-content\/uploads\/2024\/07\/P-WOW-Logo_500px_white.png\",\"width\":500,\"height\":500,\"caption\":\"PLANET WOW\"},\"image\":{\"@id\":\"https:\/\/www.planetwow.de\/#\/schema\/logo\/image\/\"}}]}<\/script>\n<!-- \/ Yoast SEO plugin. -->","yoast_head_json":{"title":"Magazine - PLANET WOW","description":"In the PLANET WOW magazine you can find out exciting facts about the animals in the collector's series. Plus with a cool collectible figure and poster!","robots":{"index":"index","follow":"follow","max-snippet":"max-snippet:-1","max-image-preview":"max-image-preview:large","max-video-preview":"max-video-preview:-1"},"canonical":"https:\/\/www.planetwow.de\/en\/magazine\/","og_locale":"en_US","og_type":"article","og_title":"Magazin - PLANET WOW","og_description":"Im PLANET WOW Magazin erf\u00e4hrst du spannende Fakten \u00fcber die Tiere der Sammelserien. Au\u00dferdem mit cooler Sammelfigur und Poster!","og_url":"https:\/\/www.planetwow.de\/en\/magazine\/","og_site_name":"PLANET WOW","article_modified_time":"2026-01-16T12:33:38+00:00","og_image":[{"width":1001,"height":947,"url":"https:\/\/www.planetwow.de\/wp-content\/uploads\/2025\/01\/PWOW_Crocodiles-Magazin_CoverBag.jpg","type":"image\/jpeg"}],"twitter_card":"summary_large_image","twitter_misc":{"Est. reading time":"3 minutes"},"schema":{"@context":"https:\/\/schema.org","@graph":[{"@type":"WebPage","@id":"https:\/\/www.planetwow.de\/magazin\/","url":"https:\/\/www.planetwow.de\/magazin\/","name":"Magazine - PLANET WOW","isPartOf":{"@id":"https:\/\/www.planetwow.de\/#website"},"primaryImageOfPage":{"@id":"https:\/\/www.planetwow.de\/magazin\/#primaryimage"},"image":{"@id":"https:\/\/www.planetwow.de\/magazin\/#primaryimage"},"thumbnailUrl":"https:\/\/www.planetwow.de\/wp-content\/uploads\/2025\/01\/PWOW_Crocodiles-Magazin_CoverBag.jpg","datePublished":"2024-07-26T12:40:34+00:00","dateModified":"2026-01-16T12:33:38+00:00","description":"In the PLANET WOW magazine you can find out exciting facts about the animals in the collector's series. Plus with a cool collectible figure and poster!","breadcrumb":{"@id":"https:\/\/www.planetwow.de\/magazin\/#breadcrumb"},"inLanguage":"en-US","potentialAction":[{"@type":"ReadAction","target":["https:\/\/www.planetwow.de\/magazin\/"]}]},{"@type":"ImageObject","inLanguage":"en-US","@id":"https:\/\/www.planetwow.de\/magazin\/#primaryimage","url":"https:\/\/www.planetwow.de\/wp-content\/uploads\/2025\/01\/PWOW_Crocodiles-Magazin_CoverBag.jpg","contentUrl":"https:\/\/www.planetwow.de\/wp-content\/uploads\/2025\/01\/PWOW_Crocodiles-Magazin_CoverBag.jpg","width":1001,"height":947},{"@type":"BreadcrumbList","@id":"https:\/\/www.planetwow.de\/magazin\/#breadcrumb","itemListElement":[{"@type":"ListItem","position":1,"name":"Startseite","item":"https:\/\/www.planetwow.de\/"},{"@type":"ListItem","position":2,"name":"Magazin"}]},{"@type":"WebSite","@id":"https:\/\/www.planetwow.de\/#website","url":"https:\/\/www.planetwow.de\/","name":"PLANET WOW","description":"","publisher":{"@id":"https:\/\/www.planetwow.de\/#organization"},"potentialAction":[{"@type":"SearchAction","target":{"@type":"EntryPoint","urlTemplate":"https:\/\/www.planetwow.de\/?s={search_term_string}"},"query-input":{"@type":"PropertyValueSpecification","valueRequired":true,"valueName":"search_term_string"}}],"inLanguage":"en-US"},{"@type":"Organization","@id":"https:\/\/www.planetwow.de\/#organization","name":"PLANET WOW","url":"https:\/\/www.planetwow.de\/","logo":{"@type":"ImageObject","inLanguage":"en-US","@id":"https:\/\/www.planetwow.de\/#\/schema\/logo\/image\/","url":"https:\/\/www.planetwow.de\/wp-content\/uploads\/2024\/07\/P-WOW-Logo_500px_white.png","contentUrl":"https:\/\/www.planetwow.de\/wp-content\/uploads\/2024\/07\/P-WOW-Logo_500px_white.png","width":500,"height":500,"caption":"PLANET WOW"},"image":{"@id":"https:\/\/www.planetwow.de\/#\/schema\/logo\/image\/"}}]}},"_links":{"self":[{"href":"https:\/\/www.planetwow.de\/en\/wp-json\/wp\/v2\/pages\/227","targetHints":{"allow":["GET"]}}],"collection":[{"href":"https:\/\/www.planetwow.de\/en\/wp-json\/wp\/v2\/pages"}],"about":[{"href":"https:\/\/www.planetwow.de\/en\/wp-json\/wp\/v2\/types\/page"}],"author":[{"embeddable":true,"href":"https:\/\/www.planetwow.de\/en\/wp-json\/wp\/v2\/users\/2"}],"replies":[{"embeddable":true,"href":"https:\/\/www.planetwow.de\/en\/wp-json\/wp\/v2\/comments?post=227"}],"version-history":[{"count":193,"href":"https:\/\/www.planetwow.de\/en\/wp-json\/wp\/v2\/pages\/227\/revisions"}],"predecessor-version":[{"id":1588,"href":"https:\/\/www.planetwow.de\/en\/wp-json\/wp\/v2\/pages\/227\/revisions\/1588"}],"wp:featuredmedia":[{"embeddable":true,"href":"https:\/\/www.planetwow.de\/en\/wp-json\/wp\/v2\/media\/761"}],"wp:attachment":[{"href":"https:\/\/www.planetwow.de\/en\/wp-json\/wp\/v2\/media?parent=227"}],"curies":[{"name":"wp","href":"https:\/\/api.w.org\/{rel}","templated":true}]}}