{"id":677,"date":"2025-01-23T08:55:47","date_gmt":"2025-01-23T07:55:47","guid":{"rendered":"https:\/\/www.planetwow.de\/?page_id=677"},"modified":"2026-01-30T09:32:53","modified_gmt":"2026-01-30T08:32:53","slug":"gyujtemenyek","status":"publish","type":"page","link":"https:\/\/www.planetwow.de\/hu\/gyujtemenyek\/","title":{"rendered":"Gy\u0171jtem\u00e9nyek"},"content":{"rendered":"<div data-elementor-type=\"wp-page\" data-elementor-id=\"677\" class=\"elementor elementor-677\">\n\t\t\t\t<div class=\"elementor-element elementor-element-7d4cd8f e-flex e-con-boxed e-con e-parent\" data-id=\"7d4cd8f\" data-element_type=\"container\">\n\t\t\t\t\t<div class=\"e-con-inner\">\n\t\t\t\t<div class=\"elementor-element elementor-element-4670f9e elementor-widget elementor-widget-heading\" data-id=\"4670f9e\" data-element_type=\"widget\" data-widget_type=\"heading.default\">\n\t\t\t\t<div class=\"elementor-widget-container\">\n\t\t\t\t\t<h1 class=\"elementor-heading-title elementor-size-default\">MELYIK GY\u0170JTEM\u00c9NYSOROZATOT SZERETN\u00c9 FELFEDEZNI?<\/h1>\t\t\t\t<\/div>\n\t\t\t\t<\/div>\n\t\t\t\t\t<\/div>\n\t\t\t\t<\/div>\n\t\t<div class=\"elementor-element elementor-element-34627c0 e-flex e-con-boxed e-con e-parent\" data-id=\"34627c0\" data-element_type=\"container\">\n\t\t\t\t\t<div class=\"e-con-inner\">\n\t\t<div class=\"elementor-element elementor-element-5c4c866 e-con-full e-flex e-con e-child\" data-id=\"5c4c866\" data-element_type=\"container\">\n\t\t\t\t<div class=\"elementor-element elementor-element-ea30b26 elementor-widget elementor-widget-image\" data-id=\"ea30b26\" data-element_type=\"widget\" data-widget_type=\"image.default\">\n\t\t\t\t<div class=\"elementor-widget-container\">\n\t\t\t\t\t\t\t\t\t\t\t\t\t\t\t\t<a href=\"https:\/\/www.planetwow.de\/hu\/capak\/\">\n\t\t\t\t\t\t\t<img fetchpriority=\"high\" decoding=\"async\" width=\"843\" height=\"425\" src=\"https:\/\/www.planetwow.de\/wp-content\/uploads\/2026\/01\/PlanetWoW-Sharks-Logo-72dpi-RGB-Web1.png\" class=\"attachment-large size-large wp-image-1482\" alt=\"\" srcset=\"https:\/\/www.planetwow.de\/wp-content\/uploads\/2026\/01\/PlanetWoW-Sharks-Logo-72dpi-RGB-Web1.png 843w, https:\/\/www.planetwow.de\/wp-content\/uploads\/2026\/01\/PlanetWoW-Sharks-Logo-72dpi-RGB-Web1-300x151.png 300w, https:\/\/www.planetwow.de\/wp-content\/uploads\/2026\/01\/PlanetWoW-Sharks-Logo-72dpi-RGB-Web1-768x387.png 768w, https:\/\/www.planetwow.de\/wp-content\/uploads\/2026\/01\/PlanetWoW-Sharks-Logo-72dpi-RGB-Web1-18x9.png 18w\" sizes=\"(max-width: 843px) 100vw, 843px\" \/>\t\t\t\t\t\t\t\t<\/a>\n\t\t\t\t\t\t\t\t\t\t\t\t\t\t\t<\/div>\n\t\t\t\t<\/div>\n\t\t\t\t<\/div>\n\t\t<div class=\"elementor-element elementor-element-81b0339 e-con-full e-flex e-con e-child\" data-id=\"81b0339\" data-element_type=\"container\">\n\t\t\t\t<div class=\"elementor-element elementor-element-4c5fc73 elementor-widget elementor-widget-image\" data-id=\"4c5fc73\" data-element_type=\"widget\" data-widget_type=\"image.default\">\n\t\t\t\t<div class=\"elementor-widget-container\">\n\t\t\t\t\t\t\t\t\t\t\t\t\t\t\t\t<a href=\"https:\/\/www.planetwow.de\/hu\/toxiccreatures\/\">\n\t\t\t\t\t\t\t<img decoding=\"async\" width=\"808\" height=\"477\" src=\"https:\/\/www.planetwow.de\/wp-content\/uploads\/2025\/07\/Logo-Toxic-Creatures.png\" class=\"attachment-large size-large wp-image-1257\" alt=\"\" srcset=\"https:\/\/www.planetwow.de\/wp-content\/uploads\/2025\/07\/Logo-Toxic-Creatures.png 808w, https:\/\/www.planetwow.de\/wp-content\/uploads\/2025\/07\/Logo-Toxic-Creatures-300x177.png 300w, https:\/\/www.planetwow.de\/wp-content\/uploads\/2025\/07\/Logo-Toxic-Creatures-768x453.png 768w, https:\/\/www.planetwow.de\/wp-content\/uploads\/2025\/07\/Logo-Toxic-Creatures-18x12.png 18w\" sizes=\"(max-width: 808px) 100vw, 808px\" \/>\t\t\t\t\t\t\t\t<\/a>\n\t\t\t\t\t\t\t\t\t\t\t\t\t\t\t<\/div>\n\t\t\t\t<\/div>\n\t\t\t\t<\/div>\n\t\t\t\t\t<\/div>\n\t\t\t\t<\/div>\n\t\t<div class=\"elementor-element elementor-element-b7cf330 e-flex e-con-boxed e-con e-parent\" data-id=\"b7cf330\" data-element_type=\"container\">\n\t\t\t\t\t<div class=\"e-con-inner\">\n\t\t<div class=\"elementor-element elementor-element-4d178ab e-con-full e-flex e-con e-child\" data-id=\"4d178ab\" data-element_type=\"container\">\n\t\t\t\t<div class=\"elementor-element elementor-element-dfab779 elementor-widget elementor-widget-image\" data-id=\"dfab779\" data-element_type=\"widget\" data-widget_type=\"image.default\">\n\t\t\t\t<div class=\"elementor-widget-container\">\n\t\t\t\t\t\t\t\t\t\t\t\t\t\t\t\t<a href=\"https:\/\/www.planetwow.de\/hu\/krokodilok\/\">\n\t\t\t\t\t\t\t<img decoding=\"async\" width=\"581\" height=\"250\" src=\"https:\/\/www.planetwow.de\/wp-content\/uploads\/2025\/01\/PWOW_Logo_Collectibles_Crocodiles.png\" class=\"attachment-large size-large wp-image-638\" alt=\"\" srcset=\"https:\/\/www.planetwow.de\/wp-content\/uploads\/2025\/01\/PWOW_Logo_Collectibles_Crocodiles.png 581w, https:\/\/www.planetwow.de\/wp-content\/uploads\/2025\/01\/PWOW_Logo_Collectibles_Crocodiles-300x129.png 300w\" sizes=\"(max-width: 581px) 100vw, 581px\" \/>\t\t\t\t\t\t\t\t<\/a>\n\t\t\t\t\t\t\t\t\t\t\t\t\t\t\t<\/div>\n\t\t\t\t<\/div>\n\t\t\t\t<\/div>\n\t\t<div class=\"elementor-element elementor-element-499a076 e-con-full e-flex e-con e-child\" data-id=\"499a076\" data-element_type=\"container\">\n\t\t\t\t<div class=\"elementor-element elementor-element-e28b661 elementor-widget__width-initial elementor-widget elementor-widget-image\" data-id=\"e28b661\" data-element_type=\"widget\" data-widget_type=\"image.default\">\n\t\t\t\t<div class=\"elementor-widget-container\">\n\t\t\t\t\t\t\t\t\t\t\t\t\t\t\t\t<a href=\"https:\/\/www.planetwow.de\/hu\/kigyok\/\">\n\t\t\t\t\t\t\t<img loading=\"lazy\" decoding=\"async\" width=\"581\" height=\"250\" src=\"https:\/\/www.planetwow.de\/wp-content\/uploads\/2025\/01\/Logo_Collectibles_Snakes.png\" class=\"attachment-large size-large wp-image-627\" alt=\"\" srcset=\"https:\/\/www.planetwow.de\/wp-content\/uploads\/2025\/01\/Logo_Collectibles_Snakes.png 581w, https:\/\/www.planetwow.de\/wp-content\/uploads\/2025\/01\/Logo_Collectibles_Snakes-300x129.png 300w\" sizes=\"(max-width: 581px) 100vw, 581px\" \/>\t\t\t\t\t\t\t\t<\/a>\n\t\t\t\t\t\t\t\t\t\t\t\t\t\t\t<\/div>\n\t\t\t\t<\/div>\n\t\t\t\t<\/div>\n\t\t\t\t\t<\/div>\n\t\t\t\t<\/div>\n\t\t<div class=\"elementor-element elementor-element-d465e88 e-flex e-con-boxed e-con e-parent\" data-id=\"d465e88\" data-element_type=\"container\">\n\t\t\t\t\t<div class=\"e-con-inner\">\n\t\t<div class=\"elementor-element elementor-element-2075ca9 e-con-full e-flex e-con e-child\" data-id=\"2075ca9\" data-element_type=\"container\">\n\t\t\t\t<div class=\"elementor-element elementor-element-b57f000 elementor-widget elementor-widget-image\" data-id=\"b57f000\" data-element_type=\"widget\" data-widget_type=\"image.default\">\n\t\t\t\t<div class=\"elementor-widget-container\">\n\t\t\t\t\t\t\t\t\t\t\t\t\t\t\t\t<a href=\"https:\/\/www.planetwow.de\/hu\/kameleonok\/\">\n\t\t\t\t\t\t\t<img loading=\"lazy\" decoding=\"async\" width=\"1024\" height=\"293\" src=\"https:\/\/www.planetwow.de\/wp-content\/uploads\/2025\/01\/Logo_Collectibles_Chameleons-1024x293.png\" class=\"attachment-large size-large wp-image-861\" alt=\"\" srcset=\"https:\/\/www.planetwow.de\/wp-content\/uploads\/2025\/01\/Logo_Collectibles_Chameleons-1024x293.png 1024w, https:\/\/www.planetwow.de\/wp-content\/uploads\/2025\/01\/Logo_Collectibles_Chameleons-300x86.png 300w, https:\/\/www.planetwow.de\/wp-content\/uploads\/2025\/01\/Logo_Collectibles_Chameleons-768x219.png 768w, https:\/\/www.planetwow.de\/wp-content\/uploads\/2025\/01\/Logo_Collectibles_Chameleons-1536x439.png 1536w, https:\/\/www.planetwow.de\/wp-content\/uploads\/2025\/01\/Logo_Collectibles_Chameleons-2048x585.png 2048w\" sizes=\"(max-width: 1024px) 100vw, 1024px\" \/>\t\t\t\t\t\t\t\t<\/a>\n\t\t\t\t\t\t\t\t\t\t\t\t\t\t\t<\/div>\n\t\t\t\t<\/div>\n\t\t\t\t<\/div>\n\t\t<div class=\"elementor-element elementor-element-3c34b84 e-con-full e-flex e-con e-child\" data-id=\"3c34b84\" data-element_type=\"container\">\n\t\t\t\t<div class=\"elementor-element elementor-element-835e990 elementor-widget__width-initial elementor-widget elementor-widget-image\" data-id=\"835e990\" data-element_type=\"widget\" data-widget_type=\"image.default\">\n\t\t\t\t<div class=\"elementor-widget-container\">\n\t\t\t\t\t\t\t\t\t\t\t\t\t\t\t\t<a href=\"https:\/\/www.planetwow.de\/hu\/gekkok\/\">\n\t\t\t\t\t\t\t<img loading=\"lazy\" decoding=\"async\" width=\"581\" height=\"250\" src=\"https:\/\/www.planetwow.de\/wp-content\/uploads\/2025\/01\/Logo_Collectibles_Geckos.png\" class=\"attachment-large size-large wp-image-632\" alt=\"\" srcset=\"https:\/\/www.planetwow.de\/wp-content\/uploads\/2025\/01\/Logo_Collectibles_Geckos.png 581w, https:\/\/www.planetwow.de\/wp-content\/uploads\/2025\/01\/Logo_Collectibles_Geckos-300x129.png 300w\" sizes=\"(max-width: 581px) 100vw, 581px\" \/>\t\t\t\t\t\t\t\t<\/a>\n\t\t\t\t\t\t\t\t\t\t\t\t\t\t\t<\/div>\n\t\t\t\t<\/div>\n\t\t\t\t<\/div>\n\t\t\t\t\t<\/div>\n\t\t\t\t<\/div>\n\t\t\t\t<\/div>","protected":false},"excerpt":{"rendered":"<p>MELYIK GY\u0170JTEM\u00c9NYSOROZATOT SZERETN\u00c9 FELFEDEZNI?<\/p>","protected":false},"author":2,"featured_media":1030,"parent":0,"menu_order":0,"comment_status":"closed","ping_status":"closed","template":"elementor_header_footer","meta":{"footnotes":""},"class_list":["post-677","page","type-page","status-publish","has-post-thumbnail","hentry"],"yoast_head":"<!-- This site is optimized with the Yoast SEO plugin v24.5 - https:\/\/yoast.com\/wordpress\/plugins\/seo\/ -->\n<title>Collectibles - PLANET WOW<\/title>\n<meta name=\"description\" content=\"Die PLANET WOW Sammelserie besticht besonders durch ihre gro\u00dfe \u00c4hnlichkeit zu ihren realen Vorbildern in der Natur. Jetzt entdecken!\" \/>\n<meta name=\"robots\" content=\"index, follow, max-snippet:-1, max-image-preview:large, max-video-preview:-1\" \/>\n<link rel=\"canonical\" href=\"https:\/\/www.planetwow.de\/hu\/gyujtemenyek\/\" \/>\n<meta property=\"og:locale\" content=\"hu_HU\" \/>\n<meta property=\"og:type\" content=\"article\" \/>\n<meta property=\"og:title\" content=\"Collectibles - PLANET WOW\" \/>\n<meta property=\"og:description\" content=\"Die PLANET WOW Sammelserie besticht besonders durch ihre gro\u00dfe \u00c4hnlichkeit zu ihren realen Vorbildern in der Natur. Jetzt entdecken!\" \/>\n<meta property=\"og:url\" content=\"https:\/\/www.planetwow.de\/hu\/gyujtemenyek\/\" \/>\n<meta property=\"og:site_name\" content=\"PLANET WOW\" \/>\n<meta property=\"article:modified_time\" content=\"2026-01-30T08:32:53+00:00\" \/>\n<meta property=\"og:image\" content=\"https:\/\/www.planetwow.de\/wp-content\/uploads\/2025\/02\/PWOW-Slider_Collectibles-scaled.jpg\" \/>\n\t<meta property=\"og:image:width\" content=\"2560\" \/>\n\t<meta property=\"og:image:height\" content=\"1347\" \/>\n\t<meta property=\"og:image:type\" content=\"image\/jpeg\" \/>\n<meta name=\"twitter:card\" content=\"summary_large_image\" \/>\n<meta name=\"twitter:label1\" content=\"Becs\u00fclt olvas\u00e1si id\u0151\" \/>\n\t<meta name=\"twitter:data1\" content=\"2 perc\" \/>\n<script type=\"application\/ld+json\" class=\"yoast-schema-graph\">{\"@context\":\"https:\/\/schema.org\",\"@graph\":[{\"@type\":\"WebPage\",\"@id\":\"https:\/\/www.planetwow.de\/collectibles\/\",\"url\":\"https:\/\/www.planetwow.de\/collectibles\/\",\"name\":\"Collectibles - PLANET WOW\",\"isPartOf\":{\"@id\":\"https:\/\/www.planetwow.de\/#website\"},\"primaryImageOfPage\":{\"@id\":\"https:\/\/www.planetwow.de\/collectibles\/#primaryimage\"},\"image\":{\"@id\":\"https:\/\/www.planetwow.de\/collectibles\/#primaryimage\"},\"thumbnailUrl\":\"https:\/\/www.planetwow.de\/wp-content\/uploads\/2025\/02\/PWOW-Slider_Collectibles-scaled.jpg\",\"datePublished\":\"2025-01-23T07:55:47+00:00\",\"dateModified\":\"2026-01-30T08:32:53+00:00\",\"description\":\"Die PLANET WOW Sammelserie besticht besonders durch ihre gro\u00dfe \u00c4hnlichkeit zu ihren realen Vorbildern in der Natur. Jetzt entdecken!\",\"breadcrumb\":{\"@id\":\"https:\/\/www.planetwow.de\/collectibles\/#breadcrumb\"},\"inLanguage\":\"hu\",\"potentialAction\":[{\"@type\":\"ReadAction\",\"target\":[\"https:\/\/www.planetwow.de\/collectibles\/\"]}]},{\"@type\":\"ImageObject\",\"inLanguage\":\"hu\",\"@id\":\"https:\/\/www.planetwow.de\/collectibles\/#primaryimage\",\"url\":\"https:\/\/www.planetwow.de\/wp-content\/uploads\/2025\/02\/PWOW-Slider_Collectibles-scaled.jpg\",\"contentUrl\":\"https:\/\/www.planetwow.de\/wp-content\/uploads\/2025\/02\/PWOW-Slider_Collectibles-scaled.jpg\",\"width\":2560,\"height\":1347},{\"@type\":\"BreadcrumbList\",\"@id\":\"https:\/\/www.planetwow.de\/collectibles\/#breadcrumb\",\"itemListElement\":[{\"@type\":\"ListItem\",\"position\":1,\"name\":\"Startseite\",\"item\":\"https:\/\/www.planetwow.de\/\"},{\"@type\":\"ListItem\",\"position\":2,\"name\":\"Collectibles\"}]},{\"@type\":\"WebSite\",\"@id\":\"https:\/\/www.planetwow.de\/#website\",\"url\":\"https:\/\/www.planetwow.de\/\",\"name\":\"PLANET WOW\",\"description\":\"\",\"publisher\":{\"@id\":\"https:\/\/www.planetwow.de\/#organization\"},\"potentialAction\":[{\"@type\":\"SearchAction\",\"target\":{\"@type\":\"EntryPoint\",\"urlTemplate\":\"https:\/\/www.planetwow.de\/?s={search_term_string}\"},\"query-input\":{\"@type\":\"PropertyValueSpecification\",\"valueRequired\":true,\"valueName\":\"search_term_string\"}}],\"inLanguage\":\"hu\"},{\"@type\":\"Organization\",\"@id\":\"https:\/\/www.planetwow.de\/#organization\",\"name\":\"PLANET WOW\",\"url\":\"https:\/\/www.planetwow.de\/\",\"logo\":{\"@type\":\"ImageObject\",\"inLanguage\":\"hu\",\"@id\":\"https:\/\/www.planetwow.de\/#\/schema\/logo\/image\/\",\"url\":\"https:\/\/www.planetwow.de\/wp-content\/uploads\/2024\/07\/P-WOW-Logo_500px_white.png\",\"contentUrl\":\"https:\/\/www.planetwow.de\/wp-content\/uploads\/2024\/07\/P-WOW-Logo_500px_white.png\",\"width\":500,\"height\":500,\"caption\":\"PLANET WOW\"},\"image\":{\"@id\":\"https:\/\/www.planetwow.de\/#\/schema\/logo\/image\/\"}}]}<\/script>\n<!-- \/ Yoast SEO plugin. -->","yoast_head_json":{"title":"Gy\u0171jtem\u00e9nyek - PLANET WOW","description":"A PLANET WOW kollekci\u00f3sorozat k\u00fcl\u00f6n\u00f6sen leny\u0171g\u00f6z\u0151 a term\u00e9szetben tal\u00e1lhat\u00f3 val\u00f3s p\u00e9ldak\u00e9peihez val\u00f3 nagyfok\u00fa hasonl\u00f3s\u00e1ga miatt. Fedezze fel most!","robots":{"index":"index","follow":"follow","max-snippet":"max-snippet:-1","max-image-preview":"max-image-preview:large","max-video-preview":"max-video-preview:-1"},"canonical":"https:\/\/www.planetwow.de\/hu\/gyujtemenyek\/","og_locale":"hu_HU","og_type":"article","og_title":"Collectibles - PLANET WOW","og_description":"Die PLANET WOW Sammelserie besticht besonders durch ihre gro\u00dfe \u00c4hnlichkeit zu ihren realen Vorbildern in der Natur. Jetzt entdecken!","og_url":"https:\/\/www.planetwow.de\/hu\/gyujtemenyek\/","og_site_name":"PLANET WOW","article_modified_time":"2026-01-30T08:32:53+00:00","og_image":[{"width":2560,"height":1347,"url":"https:\/\/www.planetwow.de\/wp-content\/uploads\/2025\/02\/PWOW-Slider_Collectibles-scaled.jpg","type":"image\/jpeg"}],"twitter_card":"summary_large_image","twitter_misc":{"Becs\u00fclt olvas\u00e1si id\u0151":"2 perc"},"schema":{"@context":"https:\/\/schema.org","@graph":[{"@type":"WebPage","@id":"https:\/\/www.planetwow.de\/collectibles\/","url":"https:\/\/www.planetwow.de\/collectibles\/","name":"Gy\u0171jtem\u00e9nyek - PLANET WOW","isPartOf":{"@id":"https:\/\/www.planetwow.de\/#website"},"primaryImageOfPage":{"@id":"https:\/\/www.planetwow.de\/collectibles\/#primaryimage"},"image":{"@id":"https:\/\/www.planetwow.de\/collectibles\/#primaryimage"},"thumbnailUrl":"https:\/\/www.planetwow.de\/wp-content\/uploads\/2025\/02\/PWOW-Slider_Collectibles-scaled.jpg","datePublished":"2025-01-23T07:55:47+00:00","dateModified":"2026-01-30T08:32:53+00:00","description":"A PLANET WOW kollekci\u00f3sorozat k\u00fcl\u00f6n\u00f6sen leny\u0171g\u00f6z\u0151 a term\u00e9szetben tal\u00e1lhat\u00f3 val\u00f3s p\u00e9ldak\u00e9peihez val\u00f3 nagyfok\u00fa hasonl\u00f3s\u00e1ga miatt. Fedezze fel most!","breadcrumb":{"@id":"https:\/\/www.planetwow.de\/collectibles\/#breadcrumb"},"inLanguage":"hu","potentialAction":[{"@type":"ReadAction","target":["https:\/\/www.planetwow.de\/collectibles\/"]}]},{"@type":"ImageObject","inLanguage":"hu","@id":"https:\/\/www.planetwow.de\/collectibles\/#primaryimage","url":"https:\/\/www.planetwow.de\/wp-content\/uploads\/2025\/02\/PWOW-Slider_Collectibles-scaled.jpg","contentUrl":"https:\/\/www.planetwow.de\/wp-content\/uploads\/2025\/02\/PWOW-Slider_Collectibles-scaled.jpg","width":2560,"height":1347},{"@type":"BreadcrumbList","@id":"https:\/\/www.planetwow.de\/collectibles\/#breadcrumb","itemListElement":[{"@type":"ListItem","position":1,"name":"Startseite","item":"https:\/\/www.planetwow.de\/"},{"@type":"ListItem","position":2,"name":"Collectibles"}]},{"@type":"WebSite","@id":"https:\/\/www.planetwow.de\/#website","url":"https:\/\/www.planetwow.de\/","name":"PLANET WOW","description":"","publisher":{"@id":"https:\/\/www.planetwow.de\/#organization"},"potentialAction":[{"@type":"SearchAction","target":{"@type":"EntryPoint","urlTemplate":"https:\/\/www.planetwow.de\/?s={search_term_string}"},"query-input":{"@type":"PropertyValueSpecification","valueRequired":true,"valueName":"search_term_string"}}],"inLanguage":"hu"},{"@type":"Organization","@id":"https:\/\/www.planetwow.de\/#organization","name":"PLANET WOW","url":"https:\/\/www.planetwow.de\/","logo":{"@type":"ImageObject","inLanguage":"hu","@id":"https:\/\/www.planetwow.de\/#\/schema\/logo\/image\/","url":"https:\/\/www.planetwow.de\/wp-content\/uploads\/2024\/07\/P-WOW-Logo_500px_white.png","contentUrl":"https:\/\/www.planetwow.de\/wp-content\/uploads\/2024\/07\/P-WOW-Logo_500px_white.png","width":500,"height":500,"caption":"PLANET WOW"},"image":{"@id":"https:\/\/www.planetwow.de\/#\/schema\/logo\/image\/"}}]}},"_links":{"self":[{"href":"https:\/\/www.planetwow.de\/hu\/wp-json\/wp\/v2\/pages\/677","targetHints":{"allow":["GET"]}}],"collection":[{"href":"https:\/\/www.planetwow.de\/hu\/wp-json\/wp\/v2\/pages"}],"about":[{"href":"https:\/\/www.planetwow.de\/hu\/wp-json\/wp\/v2\/types\/page"}],"author":[{"embeddable":true,"href":"https:\/\/www.planetwow.de\/hu\/wp-json\/wp\/v2\/users\/2"}],"replies":[{"embeddable":true,"href":"https:\/\/www.planetwow.de\/hu\/wp-json\/wp\/v2\/comments?post=677"}],"version-history":[{"count":55,"href":"https:\/\/www.planetwow.de\/hu\/wp-json\/wp\/v2\/pages\/677\/revisions"}],"predecessor-version":[{"id":1626,"href":"https:\/\/www.planetwow.de\/hu\/wp-json\/wp\/v2\/pages\/677\/revisions\/1626"}],"wp:featuredmedia":[{"embeddable":true,"href":"https:\/\/www.planetwow.de\/hu\/wp-json\/wp\/v2\/media\/1030"}],"wp:attachment":[{"href":"https:\/\/www.planetwow.de\/hu\/wp-json\/wp\/v2\/media?parent=677"}],"curies":[{"name":"wp","href":"https:\/\/api.w.org\/{rel}","templated":true}]}}