{"id":648,"date":"2025-01-23T09:14:46","date_gmt":"2025-01-23T08:14:46","guid":{"rendered":"https:\/\/www.planetwow.de\/?page_id=648"},"modified":"2025-06-16T14:31:43","modified_gmt":"2025-06-16T12:31:43","slug":"camaleonti","status":"publish","type":"page","link":"https:\/\/www.planetwow.de\/it\/camaleonti\/","title":{"rendered":"Camaleonti"},"content":{"rendered":"<div data-elementor-type=\"wp-post\" data-elementor-id=\"648\" class=\"elementor elementor-648\">\n\t\t\t\t<div class=\"elementor-element elementor-element-011d50c e-flex e-con-boxed e-con e-parent\" data-id=\"011d50c\" data-element_type=\"container\">\n\t\t\t\t\t<div class=\"e-con-inner\">\n\t\t\t\t<div class=\"elementor-element elementor-element-b195802 elementor-widget elementor-widget-image\" data-id=\"b195802\" data-element_type=\"widget\" data-widget_type=\"image.default\">\n\t\t\t\t<div class=\"elementor-widget-container\">\n\t\t\t\t\t\t\t\t\t\t\t\t\t\t\t<img fetchpriority=\"high\" decoding=\"async\" width=\"768\" height=\"219\" src=\"https:\/\/www.planetwow.de\/wp-content\/uploads\/2025\/01\/Logo_Collectibles_Chameleons-768x219.png\" class=\"attachment-medium_large size-medium_large wp-image-861\" alt=\"\" srcset=\"https:\/\/www.planetwow.de\/wp-content\/uploads\/2025\/01\/Logo_Collectibles_Chameleons-768x219.png 768w, https:\/\/www.planetwow.de\/wp-content\/uploads\/2025\/01\/Logo_Collectibles_Chameleons-300x86.png 300w, https:\/\/www.planetwow.de\/wp-content\/uploads\/2025\/01\/Logo_Collectibles_Chameleons-1024x293.png 1024w, https:\/\/www.planetwow.de\/wp-content\/uploads\/2025\/01\/Logo_Collectibles_Chameleons-1536x439.png 1536w, https:\/\/www.planetwow.de\/wp-content\/uploads\/2025\/01\/Logo_Collectibles_Chameleons-2048x585.png 2048w\" sizes=\"(max-width: 768px) 100vw, 768px\" \/>\t\t\t\t\t\t\t\t\t\t\t\t\t\t\t<\/div>\n\t\t\t\t<\/div>\n\t\t\t\t\t<\/div>\n\t\t\t\t<\/div>\n\t\t<div class=\"elementor-element elementor-element-75c59bc e-flex e-con-boxed e-con e-parent\" data-id=\"75c59bc\" data-element_type=\"container\">\n\t\t\t\t\t<div class=\"e-con-inner\">\n\t\t<div class=\"elementor-element elementor-element-5f7414a e-con-full e-flex e-con e-child\" data-id=\"5f7414a\" data-element_type=\"container\">\n\t\t\t\t<div class=\"elementor-element elementor-element-4efe32f elementor-widget elementor-widget-text-editor\" data-id=\"4efe32f\" data-element_type=\"widget\" data-widget_type=\"text-editor.default\">\n\t\t\t\t<div class=\"elementor-widget-container\">\n\t\t\t\t\t\t\t\t\t<p><strong>I camaleonti non sono solo maestri di mimetizzazione, ma affascinano anche con la loro singolare caccia alla lingua e la loro straordinaria agilit\u00e0!<\/strong><strong>\u00a0Dopo l'enorme successo della prima serie PLANET WOW \"Gechi\", i collezionisti possono aspettarsi una nuova affascinante serie di animali.<\/strong><strong><br \/><\/strong><\/p>\t\t\t\t\t\t\t\t<\/div>\n\t\t\t\t<\/div>\n\t\t\t\t<div class=\"elementor-element elementor-element-5cb8f6f elementor-widget elementor-widget-heading\" data-id=\"5cb8f6f\" data-element_type=\"widget\" data-widget_type=\"heading.default\">\n\t\t\t\t<div class=\"elementor-widget-container\">\n\t\t\t\t\t<h4 class=\"elementor-heading-title elementor-size-default\">SCOPRI LA SERIE DI COLLEZIONI<\/h4>\t\t\t\t<\/div>\n\t\t\t\t<\/div>\n\t\t\t\t<div class=\"elementor-element elementor-element-24422e4 elementor-widget elementor-widget-text-editor\" data-id=\"24422e4\" data-element_type=\"widget\" data-widget_type=\"text-editor.default\">\n\t\t\t\t<div class=\"elementor-widget-container\">\n\t\t\t\t\t\t\t\t\t<p>\u27a4 I collezionisti pi\u00f9 curiosi possono<strong> I 20 camaleonti pi\u00f9 belli del mondo<\/strong> conoscerli meglio. I camaleonti di gomma assomigliano alle loro controparti reali e hanno effetti realistici.<\/p>\n<p>\u27a4 Sei camaleonti <b>cambiare colore<\/b>, cinque hanno <b>Corna<\/b> sulla testa, due <b>brillare<\/b> al buio,&nbsp;<span style=\"text-align: var(--text-align);\">quattro hanno un super&nbsp;<\/span><span style=\"text-align: var(--text-align); font-weight: bold;\">Doppio cambio di colore <\/span><span style=\"text-align: var(--text-align);\">e&nbsp;<\/span><span style=\"text-align: var(--text-align);\">due<\/span><b style=\"text-align: var(--text-align);\"> distendere la gola<\/b><span style=\"text-align: var(--text-align);\"> su<\/span><span style=\"text-align: var(--text-align);\">. Come superstar della serie, il Tokeh ha addirittura quattro effetti contemporaneamente.<\/span><\/p>\n<p>\u27a4 Ogni sacchetto contiene anche una confezione di <strong>Poster della conoscenza<\/strong>che vi fornisce conoscenze e fatti entusiasmanti sui camaleonti reali!<\/p>\t\t\t\t\t\t\t\t<\/div>\n\t\t\t\t<\/div>\n\t\t\t\t<\/div>\n\t\t\t\t\t<\/div>\n\t\t\t\t<\/div>\n\t\t<div class=\"elementor-element elementor-element-3d8ee3d e-flex e-con-boxed e-con e-parent\" data-id=\"3d8ee3d\" data-element_type=\"container\">\n\t\t\t\t\t<div class=\"e-con-inner\">\n\t\t\t\t<div class=\"elementor-element elementor-element-98d188c elementor-widget elementor-widget-heading\" data-id=\"98d188c\" data-element_type=\"widget\" data-widget_type=\"heading.default\">\n\t\t\t\t<div class=\"elementor-widget-container\">\n\t\t\t\t\t<h2 class=\"elementor-heading-title elementor-size-default\">L'EMOZIONANTE MONDO DEI CAMALEONTI!<\/h2>\t\t\t\t<\/div>\n\t\t\t\t<\/div>\n\t\t\t\t\t<\/div>\n\t\t\t\t<\/div>\n\t\t<div class=\"elementor-element elementor-element-ea53f98 e-flex e-con-boxed e-con e-parent\" data-id=\"ea53f98\" data-element_type=\"container\">\n\t\t\t\t\t<div class=\"e-con-inner\">\n\t\t<div class=\"elementor-element elementor-element-cdae391 e-con-full e-flex e-con e-child\" data-id=\"cdae391\" data-element_type=\"container\">\n\t\t\t\t<div class=\"elementor-element elementor-element-8284e06 elementor-widget elementor-widget-html\" data-id=\"8284e06\" data-element_type=\"widget\" data-widget_type=\"html.default\">\n\t\t\t\t<div class=\"elementor-widget-container\">\n\t\t\t\t\t<iframe width=\"1280\" height=\"720\" src=\"https:\/\/www.youtube.com\/embed\/hGBmLS28Ex8?si=Ys3Io7ZZcnSAc0DL\" title=\"Lettore video di YouTube\" frameborder=\"0\" allow=\"accelerometer; autoplay; clipboard-write; encrypted-media; gyroscope; picture-in-picture; web-share\" referrerpolicy=\"strict-origin-when-cross-origin\" allowfullscreen><\/iframe>\t\t\t\t<\/div>\n\t\t\t\t<\/div>\n\t\t\t\t<\/div>\n\t\t\t\t\t<\/div>\n\t\t\t\t<\/div>\n\t\t<div class=\"elementor-element elementor-element-f0ec83c e-flex e-con-boxed e-con e-parent\" data-id=\"f0ec83c\" data-element_type=\"container\">\n\t\t\t\t\t<div class=\"e-con-inner\">\n\t\t<div class=\"elementor-element elementor-element-8649a11 e-con-full e-flex e-con e-child\" data-id=\"8649a11\" data-element_type=\"container\">\n\t\t\t\t<div class=\"elementor-element elementor-element-ab44986 elementor-widget elementor-widget-heading\" data-id=\"ab44986\" data-element_type=\"widget\" data-widget_type=\"heading.default\">\n\t\t\t\t<div class=\"elementor-widget-container\">\n\t\t\t\t\t<h4 class=\"elementor-heading-title elementor-size-default\">Disponibile nei negozi e nel negozio di riordino!<\/h4>\t\t\t\t<\/div>\n\t\t\t\t<\/div>\n\t\t\t\t<div class=\"elementor-element elementor-element-4b8960e elementor-widget elementor-widget-image\" data-id=\"4b8960e\" data-element_type=\"widget\" data-widget_type=\"image.default\">\n\t\t\t\t<div class=\"elementor-widget-container\">\n\t\t\t\t\t\t\t\t\t\t\t\t\t\t\t<img decoding=\"async\" width=\"1024\" height=\"500\" src=\"https:\/\/www.planetwow.de\/wp-content\/uploads\/2025\/01\/PLANET-WOW_Collectibles-DisplayBag_Chameleons.png\" class=\"attachment-large size-large wp-image-617\" alt=\"\" srcset=\"https:\/\/www.planetwow.de\/wp-content\/uploads\/2025\/01\/PLANET-WOW_Collectibles-DisplayBag_Chameleons.png 1024w, https:\/\/www.planetwow.de\/wp-content\/uploads\/2025\/01\/PLANET-WOW_Collectibles-DisplayBag_Chameleons-300x146.png 300w, https:\/\/www.planetwow.de\/wp-content\/uploads\/2025\/01\/PLANET-WOW_Collectibles-DisplayBag_Chameleons-768x375.png 768w\" sizes=\"(max-width: 1024px) 100vw, 1024px\" \/>\t\t\t\t\t\t\t\t\t\t\t\t\t\t\t<\/div>\n\t\t\t\t<\/div>\n\t\t\t\t<\/div>\n\t\t<div class=\"elementor-element elementor-element-1931a55 e-con-full e-flex e-con e-child\" data-id=\"1931a55\" data-element_type=\"container\">\n\t\t\t\t<div class=\"elementor-element elementor-element-fbc8631 elementor-view-default elementor-position-top elementor-mobile-position-top elementor-widget elementor-widget-icon-box\" data-id=\"fbc8631\" data-element_type=\"widget\" data-widget_type=\"icon-box.default\">\n\t\t\t\t<div class=\"elementor-widget-container\">\n\t\t\t\t\t\t\t<div class=\"elementor-icon-box-wrapper\">\n\n\t\t\t\t\t\t<div class=\"elementor-icon-box-icon\">\n\t\t\t\t<a href=\"https:\/\/www.mykiosk.com\/\" target=\"_blank\" class=\"elementor-icon elementor-animation-\" tabindex=\"-1\">\n\t\t\t\t<svg aria-hidden=\"true\" class=\"e-font-icon-svg e-fas-map-marked\" viewbox=\"0 0 576 512\" xmlns=\"http:\/\/www.w3.org\/2000\/svg\"><path d=\"M288 0c-69.59 0-126 56.41-126 126 0 56.26 82.35 158.8 113.9 196.02 6.39 7.54 17.82 7.54 24.2 0C331.65 284.8 414 182.26 414 126 414 56.41 357.59 0 288 0zM20.12 215.95A32.006 32.006 0 0 0 0 245.66v250.32c0 11.32 11.43 19.06 21.94 14.86L160 448V214.92c-8.84-15.98-16.07-31.54-21.25-46.42L20.12 215.95zM288 359.67c-14.07 0-27.38-6.18-36.51-16.96-19.66-23.2-40.57-49.62-59.49-76.72v182l192 64V266c-18.92 27.09-39.82 53.52-59.49 76.72-9.13 10.77-22.44 16.95-36.51 16.95zm266.06-198.51L416 224v288l139.88-55.95A31.996 31.996 0 0 0 576 426.34V176.02c0-11.32-11.43-19.06-21.94-14.86z\"><\/path><\/svg>\t\t\t\t<\/a>\n\t\t\t<\/div>\n\t\t\t\n\t\t\t\t\t\t<div class=\"elementor-icon-box-content\">\n\n\t\t\t\t\t\t\t\t\t<h3 class=\"elementor-icon-box-title\">\n\t\t\t\t\t\t<a href=\"https:\/\/www.mykiosk.com\/\" target=\"_blank\" >\n\t\t\t\t\t\t\tTrova un rivenditore\t\t\t\t\t\t<\/a>\n\t\t\t\t\t<\/h3>\n\t\t\t\t\n\t\t\t\t\n\t\t\t<\/div>\n\t\t\t\n\t\t<\/div>\n\t\t\t\t\t\t<\/div>\n\t\t\t\t<\/div>\n\t\t\t\t<\/div>\n\t\t<div class=\"elementor-element elementor-element-01dba5e e-con-full e-flex e-con e-child\" data-id=\"01dba5e\" data-element_type=\"container\">\n\t\t\t\t<div class=\"elementor-element elementor-element-d5ef50f elementor-view-default elementor-position-top elementor-mobile-position-top elementor-widget elementor-widget-icon-box\" data-id=\"d5ef50f\" data-element_type=\"widget\" data-widget_type=\"icon-box.default\">\n\t\t\t\t<div class=\"elementor-widget-container\">\n\t\t\t\t\t\t\t<div class=\"elementor-icon-box-wrapper\">\n\n\t\t\t\t\t\t<div class=\"elementor-icon-box-icon\">\n\t\t\t\t<a href=\"https:\/\/www.blue-ocean-shop.de\/de\/planet-wow\/\" target=\"_blank\" class=\"elementor-icon elementor-animation-\" tabindex=\"-1\">\n\t\t\t\t<svg aria-hidden=\"true\" class=\"e-font-icon-svg e-fas-shopping-basket\" viewbox=\"0 0 576 512\" xmlns=\"http:\/\/www.w3.org\/2000\/svg\"><path d=\"M576 216v16c0 13.255-10.745 24-24 24h-8l-26.113 182.788C514.509 462.435 494.257 480 470.37 480H105.63c-23.887 0-44.139-17.565-47.518-41.212L32 256h-8c-13.255 0-24-10.745-24-24v-16c0-13.255 10.745-24 24-24h67.341l106.78-146.821c10.395-14.292 30.407-17.453 44.701-7.058 14.293 10.395 17.453 30.408 7.058 44.701L170.477 192h235.046L326.12 82.821c-10.395-14.292-7.234-34.306 7.059-44.701 14.291-10.395 34.306-7.235 44.701 7.058L484.659 192H552c13.255 0 24 10.745 24 24zM312 392V280c0-13.255-10.745-24-24-24s-24 10.745-24 24v112c0 13.255 10.745 24 24 24s24-10.745 24-24zm112 0V280c0-13.255-10.745-24-24-24s-24 10.745-24 24v112c0 13.255 10.745 24 24 24s24-10.745 24-24zm-224 0V280c0-13.255-10.745-24-24-24s-24 10.745-24 24v112c0 13.255 10.745 24 24 24s24-10.745 24-24z\"><\/path><\/svg>\t\t\t\t<\/a>\n\t\t\t<\/div>\n\t\t\t\n\t\t\t\t\t\t<div class=\"elementor-icon-box-content\">\n\n\t\t\t\t\t\t\t\t\t<h3 class=\"elementor-icon-box-title\">\n\t\t\t\t\t\t<a href=\"https:\/\/www.blue-ocean-shop.de\/de\/planet-wow\/\" target=\"_blank\" >\n\t\t\t\t\t\t\tal negozio\t\t\t\t\t\t<\/a>\n\t\t\t\t\t<\/h3>\n\t\t\t\t\n\t\t\t\t\n\t\t\t<\/div>\n\t\t\t\n\t\t<\/div>\n\t\t\t\t\t\t<\/div>\n\t\t\t\t<\/div>\n\t\t\t\t<\/div>\n\t\t\t\t\t<\/div>\n\t\t\t\t<\/div>\n\t\t<div class=\"elementor-element elementor-element-7d82f93 e-flex e-con-boxed e-con e-parent\" data-id=\"7d82f93\" data-element_type=\"container\">\n\t\t\t\t\t<div class=\"e-con-inner\">\n\t\t\t\t<div class=\"elementor-element elementor-element-79ffcee elementor-widget elementor-widget-text-editor\" data-id=\"79ffcee\" data-element_type=\"widget\" data-widget_type=\"text-editor.default\">\n\t\t\t\t<div class=\"elementor-widget-container\">\n\t\t\t\t\t\t\t\t\t<p><strong>In caso di domande o altri dubbi, si prega di contattare il servizio di lettura:<\/strong><\/p><p><a href=\"http:\/\/www.blue-ocean.de\/leserservice\" target=\"_blank\" rel=\"noopener\">www.blue-ocean.de\/leserservice<\/a><\/p><p>Il team Blue Ocean vi augura buon divertimento!<\/p>\t\t\t\t\t\t\t\t<\/div>\n\t\t\t\t<\/div>\n\t\t\t\t\t<\/div>\n\t\t\t\t<\/div>\n\t\t<div class=\"elementor-element elementor-element-b098027 e-flex e-con-boxed e-con e-parent\" data-id=\"b098027\" data-element_type=\"container\">\n\t\t\t\t\t<div class=\"e-con-inner\">\n\t\t\t\t\t<\/div>\n\t\t\t\t<\/div>\n\t\t\t\t<\/div>","protected":false},"excerpt":{"rendered":"<p>Cham\u00e4leons sind nicht nur Meister der Tarnung, sondern faszinieren auch mit ihrer einzigartigen Zungenjagd und ihrer au\u00dfergew\u00f6hnlichen Beweglichkeit!\u00a0Nach dem grandiosen Erfolg der ersten PLANET-WOW-Serie \u201eGeckos\u201c, d\u00fcrfen sich Sammelnde \u00fcber eine neue faszinierende Tierserie freuen. ENTDECKE DIE SAMMELSERIE \u27a4&nbsp;Wissbegierige Sammelnde k\u00f6nnen die 20 coolsten Cham\u00e4leons der Welt n\u00e4her kennenlernen. Die Gummicham\u00e4leons sehen aus wie ihre echten [&hellip;]<\/p>\n","protected":false},"author":2,"featured_media":861,"parent":0,"menu_order":0,"comment_status":"closed","ping_status":"closed","template":"elementor_header_footer","meta":{"footnotes":""},"class_list":["post-648","page","type-page","status-publish","has-post-thumbnail","hentry"],"yoast_head":"<!-- This site is optimized with the Yoast SEO plugin v24.5 - https:\/\/yoast.com\/wordpress\/plugins\/seo\/ -->\n<title>Chameleons - PLANET WOW<\/title>\n<meta name=\"description\" content=\"Lerne in der Sammelserie PLANET WOW Chameleons die 20 coolsten Cham\u00e4leons der Welt kennen! Jetzt entdecken und spielen!\" \/>\n<meta name=\"robots\" content=\"index, follow, max-snippet:-1, max-image-preview:large, max-video-preview:-1\" \/>\n<link rel=\"canonical\" href=\"https:\/\/www.planetwow.de\/it\/camaleonti\/\" \/>\n<meta property=\"og:locale\" content=\"it_IT\" \/>\n<meta property=\"og:type\" content=\"article\" \/>\n<meta property=\"og:title\" content=\"Chameleons - PLANET WOW\" \/>\n<meta property=\"og:description\" content=\"Lerne in der Sammelserie PLANET WOW Chameleons die 20 coolsten Cham\u00e4leons der Welt kennen! Jetzt entdecken und spielen!\" \/>\n<meta property=\"og:url\" content=\"https:\/\/www.planetwow.de\/it\/camaleonti\/\" \/>\n<meta property=\"og:site_name\" content=\"PLANET WOW\" \/>\n<meta property=\"article:modified_time\" content=\"2025-06-16T12:31:43+00:00\" \/>\n<meta property=\"og:image\" content=\"https:\/\/www.planetwow.de\/wp-content\/uploads\/2025\/01\/Logo_Collectibles_Chameleons.png\" \/>\n\t<meta property=\"og:image:width\" content=\"2097\" \/>\n\t<meta property=\"og:image:height\" content=\"599\" \/>\n\t<meta property=\"og:image:type\" content=\"image\/png\" \/>\n<meta name=\"twitter:card\" content=\"summary_large_image\" \/>\n<meta name=\"twitter:label1\" content=\"Tempo di lettura stimato\" \/>\n\t<meta name=\"twitter:data1\" content=\"2 minuti\" \/>\n<script type=\"application\/ld+json\" class=\"yoast-schema-graph\">{\"@context\":\"https:\/\/schema.org\",\"@graph\":[{\"@type\":\"WebPage\",\"@id\":\"https:\/\/www.planetwow.de\/chameleons\/\",\"url\":\"https:\/\/www.planetwow.de\/chameleons\/\",\"name\":\"Chameleons - PLANET WOW\",\"isPartOf\":{\"@id\":\"https:\/\/www.planetwow.de\/#website\"},\"primaryImageOfPage\":{\"@id\":\"https:\/\/www.planetwow.de\/chameleons\/#primaryimage\"},\"image\":{\"@id\":\"https:\/\/www.planetwow.de\/chameleons\/#primaryimage\"},\"thumbnailUrl\":\"https:\/\/www.planetwow.de\/wp-content\/uploads\/2025\/01\/Logo_Collectibles_Chameleons.png\",\"datePublished\":\"2025-01-23T08:14:46+00:00\",\"dateModified\":\"2025-06-16T12:31:43+00:00\",\"description\":\"Lerne in der Sammelserie PLANET WOW Chameleons die 20 coolsten Cham\u00e4leons der Welt kennen! Jetzt entdecken und spielen!\",\"breadcrumb\":{\"@id\":\"https:\/\/www.planetwow.de\/chameleons\/#breadcrumb\"},\"inLanguage\":\"it-IT\",\"potentialAction\":[{\"@type\":\"ReadAction\",\"target\":[\"https:\/\/www.planetwow.de\/chameleons\/\"]}]},{\"@type\":\"ImageObject\",\"inLanguage\":\"it-IT\",\"@id\":\"https:\/\/www.planetwow.de\/chameleons\/#primaryimage\",\"url\":\"https:\/\/www.planetwow.de\/wp-content\/uploads\/2025\/01\/Logo_Collectibles_Chameleons.png\",\"contentUrl\":\"https:\/\/www.planetwow.de\/wp-content\/uploads\/2025\/01\/Logo_Collectibles_Chameleons.png\",\"width\":2097,\"height\":599},{\"@type\":\"BreadcrumbList\",\"@id\":\"https:\/\/www.planetwow.de\/chameleons\/#breadcrumb\",\"itemListElement\":[{\"@type\":\"ListItem\",\"position\":1,\"name\":\"Startseite\",\"item\":\"https:\/\/www.planetwow.de\/\"},{\"@type\":\"ListItem\",\"position\":2,\"name\":\"Chameleons\"}]},{\"@type\":\"WebSite\",\"@id\":\"https:\/\/www.planetwow.de\/#website\",\"url\":\"https:\/\/www.planetwow.de\/\",\"name\":\"PLANET WOW\",\"description\":\"\",\"publisher\":{\"@id\":\"https:\/\/www.planetwow.de\/#organization\"},\"potentialAction\":[{\"@type\":\"SearchAction\",\"target\":{\"@type\":\"EntryPoint\",\"urlTemplate\":\"https:\/\/www.planetwow.de\/?s={search_term_string}\"},\"query-input\":{\"@type\":\"PropertyValueSpecification\",\"valueRequired\":true,\"valueName\":\"search_term_string\"}}],\"inLanguage\":\"it-IT\"},{\"@type\":\"Organization\",\"@id\":\"https:\/\/www.planetwow.de\/#organization\",\"name\":\"PLANET WOW\",\"url\":\"https:\/\/www.planetwow.de\/\",\"logo\":{\"@type\":\"ImageObject\",\"inLanguage\":\"it-IT\",\"@id\":\"https:\/\/www.planetwow.de\/#\/schema\/logo\/image\/\",\"url\":\"https:\/\/www.planetwow.de\/wp-content\/uploads\/2024\/07\/P-WOW-Logo_500px_white.png\",\"contentUrl\":\"https:\/\/www.planetwow.de\/wp-content\/uploads\/2024\/07\/P-WOW-Logo_500px_white.png\",\"width\":500,\"height\":500,\"caption\":\"PLANET WOW\"},\"image\":{\"@id\":\"https:\/\/www.planetwow.de\/#\/schema\/logo\/image\/\"}}]}<\/script>\n<!-- \/ Yoast SEO plugin. -->","yoast_head_json":{"title":"Camaleonti - PLANET WOW","description":"Incontra i 20 camaleonti pi\u00f9 belli del mondo nella serie PLANET WOW Chameleons! Scopri e gioca ora!","robots":{"index":"index","follow":"follow","max-snippet":"max-snippet:-1","max-image-preview":"max-image-preview:large","max-video-preview":"max-video-preview:-1"},"canonical":"https:\/\/www.planetwow.de\/it\/camaleonti\/","og_locale":"it_IT","og_type":"article","og_title":"Chameleons - PLANET WOW","og_description":"Lerne in der Sammelserie PLANET WOW Chameleons die 20 coolsten Cham\u00e4leons der Welt kennen! Jetzt entdecken und spielen!","og_url":"https:\/\/www.planetwow.de\/it\/camaleonti\/","og_site_name":"PLANET WOW","article_modified_time":"2025-06-16T12:31:43+00:00","og_image":[{"width":2097,"height":599,"url":"https:\/\/www.planetwow.de\/wp-content\/uploads\/2025\/01\/Logo_Collectibles_Chameleons.png","type":"image\/png"}],"twitter_card":"summary_large_image","twitter_misc":{"Tempo di lettura stimato":"2 minuti"},"schema":{"@context":"https:\/\/schema.org","@graph":[{"@type":"WebPage","@id":"https:\/\/www.planetwow.de\/chameleons\/","url":"https:\/\/www.planetwow.de\/chameleons\/","name":"Camaleonti - PLANET WOW","isPartOf":{"@id":"https:\/\/www.planetwow.de\/#website"},"primaryImageOfPage":{"@id":"https:\/\/www.planetwow.de\/chameleons\/#primaryimage"},"image":{"@id":"https:\/\/www.planetwow.de\/chameleons\/#primaryimage"},"thumbnailUrl":"https:\/\/www.planetwow.de\/wp-content\/uploads\/2025\/01\/Logo_Collectibles_Chameleons.png","datePublished":"2025-01-23T08:14:46+00:00","dateModified":"2025-06-16T12:31:43+00:00","description":"Incontra i 20 camaleonti pi\u00f9 belli del mondo nella serie PLANET WOW Chameleons! Scopri e gioca ora!","breadcrumb":{"@id":"https:\/\/www.planetwow.de\/chameleons\/#breadcrumb"},"inLanguage":"it-IT","potentialAction":[{"@type":"ReadAction","target":["https:\/\/www.planetwow.de\/chameleons\/"]}]},{"@type":"ImageObject","inLanguage":"it-IT","@id":"https:\/\/www.planetwow.de\/chameleons\/#primaryimage","url":"https:\/\/www.planetwow.de\/wp-content\/uploads\/2025\/01\/Logo_Collectibles_Chameleons.png","contentUrl":"https:\/\/www.planetwow.de\/wp-content\/uploads\/2025\/01\/Logo_Collectibles_Chameleons.png","width":2097,"height":599},{"@type":"BreadcrumbList","@id":"https:\/\/www.planetwow.de\/chameleons\/#breadcrumb","itemListElement":[{"@type":"ListItem","position":1,"name":"Startseite","item":"https:\/\/www.planetwow.de\/"},{"@type":"ListItem","position":2,"name":"Chameleons"}]},{"@type":"WebSite","@id":"https:\/\/www.planetwow.de\/#website","url":"https:\/\/www.planetwow.de\/","name":"PLANET WOW","description":"","publisher":{"@id":"https:\/\/www.planetwow.de\/#organization"},"potentialAction":[{"@type":"SearchAction","target":{"@type":"EntryPoint","urlTemplate":"https:\/\/www.planetwow.de\/?s={search_term_string}"},"query-input":{"@type":"PropertyValueSpecification","valueRequired":true,"valueName":"search_term_string"}}],"inLanguage":"it-IT"},{"@type":"Organization","@id":"https:\/\/www.planetwow.de\/#organization","name":"PLANET WOW","url":"https:\/\/www.planetwow.de\/","logo":{"@type":"ImageObject","inLanguage":"it-IT","@id":"https:\/\/www.planetwow.de\/#\/schema\/logo\/image\/","url":"https:\/\/www.planetwow.de\/wp-content\/uploads\/2024\/07\/P-WOW-Logo_500px_white.png","contentUrl":"https:\/\/www.planetwow.de\/wp-content\/uploads\/2024\/07\/P-WOW-Logo_500px_white.png","width":500,"height":500,"caption":"PLANET WOW"},"image":{"@id":"https:\/\/www.planetwow.de\/#\/schema\/logo\/image\/"}}]}},"_links":{"self":[{"href":"https:\/\/www.planetwow.de\/it\/wp-json\/wp\/v2\/pages\/648","targetHints":{"allow":["GET"]}}],"collection":[{"href":"https:\/\/www.planetwow.de\/it\/wp-json\/wp\/v2\/pages"}],"about":[{"href":"https:\/\/www.planetwow.de\/it\/wp-json\/wp\/v2\/types\/page"}],"author":[{"embeddable":true,"href":"https:\/\/www.planetwow.de\/it\/wp-json\/wp\/v2\/users\/2"}],"replies":[{"embeddable":true,"href":"https:\/\/www.planetwow.de\/it\/wp-json\/wp\/v2\/comments?post=648"}],"version-history":[{"count":22,"href":"https:\/\/www.planetwow.de\/it\/wp-json\/wp\/v2\/pages\/648\/revisions"}],"predecessor-version":[{"id":1187,"href":"https:\/\/www.planetwow.de\/it\/wp-json\/wp\/v2\/pages\/648\/revisions\/1187"}],"wp:featuredmedia":[{"embeddable":true,"href":"https:\/\/www.planetwow.de\/it\/wp-json\/wp\/v2\/media\/861"}],"wp:attachment":[{"href":"https:\/\/www.planetwow.de\/it\/wp-json\/wp\/v2\/media?parent=648"}],"curies":[{"name":"wp","href":"https:\/\/api.w.org\/{rel}","templated":true}]}}